{"id":10098,"date":"2024-06-14T11:04:45","date_gmt":"2024-06-14T14:04:45","guid":{"rendered":"https:\/\/lumiererosario.gob.ar\/web\/?page_id=10098"},"modified":"2025-04-24T08:58:39","modified_gmt":"2025-04-24T11:58:39","slug":"rosario-filma","status":"publish","type":"page","link":"https:\/\/lumiererosario.gob.ar\/web\/rosario-filma\/","title":{"rendered":"ROSARIO FILMA"},"content":{"rendered":"\t\t<div data-elementor-type=\"wp-page\" data-elementor-id=\"10098\" class=\"elementor elementor-10098\">\n\t\t\t\t\t\t<section class=\"elementor-section elementor-top-section elementor-element elementor-element-2daae911 elementor-section-stretched elementor-section-boxed elementor-section-height-default elementor-section-height-default\" data-id=\"2daae911\" data-element_type=\"section\" data-e-type=\"section\" data-settings=\"{&quot;stretch_section&quot;:&quot;section-stretched&quot;}\">\n\t\t\t\t\t\t<div class=\"elementor-container elementor-column-gap-default\">\n\t\t\t\t\t<div class=\"elementor-column elementor-col-100 elementor-top-column elementor-element elementor-element-26508211\" data-id=\"26508211\" data-element_type=\"column\" data-e-type=\"column\">\n\t\t\t<div class=\"elementor-widget-wrap elementor-element-populated\">\n\t\t\t\t\t\t<div class=\"elementor-element elementor-element-20f8acd elementor-widget elementor-widget-text-editor\" data-id=\"20f8acd\" data-element_type=\"widget\" data-e-type=\"widget\" data-widget_type=\"text-editor.default\">\n\t\t\t\t<div class=\"elementor-widget-container\">\n\t\t\t\t\t\t\t\t\t\n<p><a href=\"https:\/\/lumiererosario.gob.ar\/web\/wp-content\/uploads\/2024\/06\/logo-NEGRO-03.png\"><img decoding=\"async\" class=\"wp-image-10138  alignright\" src=\"https:\/\/lumiererosario.gob.ar\/web\/wp-content\/uploads\/2024\/06\/logo-NEGRO-03-e1718380084206-300x119.png\" alt=\"\" width=\"350\" height=\"139\" srcset=\"https:\/\/lumiererosario.gob.ar\/web\/wp-content\/uploads\/2024\/06\/logo-NEGRO-03-e1718380084206-300x119.png 300w, https:\/\/lumiererosario.gob.ar\/web\/wp-content\/uploads\/2024\/06\/logo-NEGRO-03-e1718380084206-1024x406.png 1024w, https:\/\/lumiererosario.gob.ar\/web\/wp-content\/uploads\/2024\/06\/logo-NEGRO-03-e1718380084206-768x305.png 768w, https:\/\/lumiererosario.gob.ar\/web\/wp-content\/uploads\/2024\/06\/logo-NEGRO-03-e1718380084206-1536x609.png 1536w, https:\/\/lumiererosario.gob.ar\/web\/wp-content\/uploads\/2024\/06\/logo-NEGRO-03-e1718380084206-2048x812.png 2048w, https:\/\/lumiererosario.gob.ar\/web\/wp-content\/uploads\/2024\/06\/logo-NEGRO-03-e1718380084206-370x147.png 370w\" sizes=\"(max-width: 350px) 100vw, 350px\" \/><\/a><strong><em>Rosario Filma<\/em><\/strong> es un programa de fortalecimiento dedicado a la industria audiovisual local, creado a trav\u00e9s de la Secretar\u00eda de Cultura y Educaci\u00f3n de la Municipalidad de Rosario en febrero de 2022. El programa brinda acompa\u00f1amiento e informaci\u00f3n espec\u00edfica destinada a la industria audiovisual local y proporciona una estructura unificada para la gesti\u00f3n de los tr\u00e1mites correspondientes para llevar adelante las producciones audiovisuales en los espacios p\u00fablicos de la ciudad.<\/p>\n\n<p><strong>\u00bfQui\u00e9nes pueden participar?<\/strong><br \/>Productoras audiovisuales nacionales e internacionales que requieran apoyo para la gesti\u00f3n de tr\u00e1mites para llevar adelante producciones en los espacios p\u00fablicos de la ciudad.<\/p>\n\n<p><strong>\u00bfA qu\u00e9 proyectos se orienta?<\/strong><br \/>Producciones audiovisuales y rodajes que requieran apoyo de log\u00edstica, vinculaci\u00f3n y mecanismos de gesti\u00f3n para la realizaci\u00f3n de rodajes en la ciudad.<\/p>\n\n<p><strong>\u00bfQu\u00e9 recursos y\/o apoyos brinda?<\/strong><br \/>Asesoramiento sobre los recursos locales. Uso gratuito del espacio p\u00fablico y de las locaciones dependientes del estado municipal.<\/p>\n\n<p><strong>\u00bfCu\u00e1les son las fechas y formas para aplicar?<\/strong><br \/>Las consultas y solicitudes pueden realizarse en forma permanente.<\/p>\n\n<p>Las solicitudes de uso del espacio p\u00fablico (v\u00eda p\u00fablica) deber\u00e1 realizarse con una antelaci\u00f3n m\u00ednima de 15 d\u00edas respecto a la fecha de realizaci\u00f3n del rodaje a trav\u00e9s del siguiente formulario:<a href=\"https:\/\/www.rosario.gob.ar\/inicio\/solicitar-permiso-para-uso-del-espacio-publico\"> https:\/\/www.rosario.gob.ar\/inicio\/solicitar-permiso-para-uso-del-espacio-publico<\/a><\/p>\n\n<p><em>La presentaci\u00f3n no implica autorizaci\u00f3n para la realizaci\u00f3n de la actividad y podr\u00e1n requerirse cambios, informaci\u00f3n adicional y\/o documentaci\u00f3n complementaria de car\u00e1cter obligatorio.<\/em><\/p>\n\n<p><strong><em>Rosario Filma<\/em><\/strong> funciona en <strong><em>Punto Audiovisual<\/em><\/strong>, ubicado en el edificio de Cine Lumi\u00e8re (V\u00e9lez Sarsfield 1027 &#8211; Rosario, Argentina).<\/p>\n\n<p>Contacto: <a href=\"mailto:rosariofilma@rosario.gob.ar\">rosariofilma@rosario.gob.ar<\/a><\/p>\n\t\t\t\t\t\t\t\t<\/div>\n\t\t\t\t<\/div>\n\t\t\t\t\t<\/div>\n\t\t<\/div>\n\t\t\t\t\t<\/div>\n\t\t<\/section>\n\t\t\t\t<\/div>\n\t\t","protected":false},"excerpt":{"rendered":"<p>Rosario Filma es un programa de fortalecimiento dedicado a la industria audiovisual local, creado a trav\u00e9s de la Secretar\u00eda de Cultura y Educaci\u00f3n de la Municipalidad de Rosario en febrero de 2022. El programa brinda acompa\u00f1amiento e informaci\u00f3n espec\u00edfica destinada a la industria audiovisual local y proporciona una estructura unificada para la gesti\u00f3n de los [&hellip;]<\/p>\n","protected":false},"author":4,"featured_media":0,"parent":0,"menu_order":0,"comment_status":"closed","ping_status":"closed","template":"","meta":{"_exactmetrics_skip_tracking":false,"_exactmetrics_sitenote_active":false,"_exactmetrics_sitenote_note":"","_exactmetrics_sitenote_category":0,"footnotes":""},"class_list":["post-10098","page","type-page","status-publish","hentry"],"yoast_head":"<!-- This site is optimized with the Yoast SEO plugin v25.6 - https:\/\/yoast.com\/wordpress\/plugins\/seo\/ -->\n<title>ROSARIO FILMA - Centro Cultural Cine Lumi\u00e8re<\/title>\n<meta name=\"robots\" content=\"index, follow, max-snippet:-1, max-image-preview:large, max-video-preview:-1\" \/>\n<link rel=\"canonical\" href=\"https:\/\/lumiererosario.gob.ar\/web\/rosario-filma\/\" \/>\n<meta property=\"og:locale\" content=\"es_ES\" \/>\n<meta property=\"og:type\" content=\"article\" \/>\n<meta property=\"og:title\" content=\"ROSARIO FILMA - Centro Cultural Cine Lumi\u00e8re\" \/>\n<meta property=\"og:description\" content=\"Rosario Filma es un programa de fortalecimiento dedicado a la industria audiovisual local, creado a trav\u00e9s de la Secretar\u00eda de Cultura y Educaci\u00f3n de la Municipalidad de Rosario en febrero de 2022. El programa brinda acompa\u00f1amiento e informaci\u00f3n espec\u00edfica destinada a la industria audiovisual local y proporciona una estructura unificada para la gesti\u00f3n de los [&hellip;]\" \/>\n<meta property=\"og:url\" content=\"https:\/\/lumiererosario.gob.ar\/web\/rosario-filma\/\" \/>\n<meta property=\"og:site_name\" content=\"Centro Cultural Cine Lumi\u00e8re\" \/>\n<meta property=\"article:publisher\" content=\"https:\/\/es-la.facebook.com\/CentroCulturalCineLumiere\/\" \/>\n<meta property=\"article:modified_time\" content=\"2025-04-24T11:58:39+00:00\" \/>\n<meta property=\"og:image\" content=\"https:\/\/lumiererosario.gob.ar\/web\/wp-content\/uploads\/2024\/06\/logo-NEGRO-03-e1718380084206.png\" \/>\n\t<meta property=\"og:image:width\" content=\"3229\" \/>\n\t<meta property=\"og:image:height\" content=\"1281\" \/>\n\t<meta property=\"og:image:type\" content=\"image\/png\" \/>\n<meta name=\"twitter:label1\" content=\"Tiempo de lectura\" \/>\n\t<meta name=\"twitter:data1\" content=\"2 minutos\" \/>\n<script type=\"application\/ld+json\" class=\"yoast-schema-graph\">{\"@context\":\"https:\/\/schema.org\",\"@graph\":[{\"@type\":\"WebPage\",\"@id\":\"https:\/\/lumiererosario.gob.ar\/web\/rosario-filma\/\",\"url\":\"https:\/\/lumiererosario.gob.ar\/web\/rosario-filma\/\",\"name\":\"ROSARIO FILMA - Centro Cultural Cine Lumi\u00e8re\",\"isPartOf\":{\"@id\":\"https:\/\/lumiererosario.gob.ar\/web\/#website\"},\"primaryImageOfPage\":{\"@id\":\"https:\/\/lumiererosario.gob.ar\/web\/rosario-filma\/#primaryimage\"},\"image\":{\"@id\":\"https:\/\/lumiererosario.gob.ar\/web\/rosario-filma\/#primaryimage\"},\"thumbnailUrl\":\"https:\/\/lumiererosario.gob.ar\/web\/wp-content\/uploads\/2024\/06\/logo-NEGRO-03-e1718380084206-300x119.png\",\"datePublished\":\"2024-06-14T14:04:45+00:00\",\"dateModified\":\"2025-04-24T11:58:39+00:00\",\"breadcrumb\":{\"@id\":\"https:\/\/lumiererosario.gob.ar\/web\/rosario-filma\/#breadcrumb\"},\"inLanguage\":\"es\",\"potentialAction\":[{\"@type\":\"ReadAction\",\"target\":[\"https:\/\/lumiererosario.gob.ar\/web\/rosario-filma\/\"]}]},{\"@type\":\"ImageObject\",\"inLanguage\":\"es\",\"@id\":\"https:\/\/lumiererosario.gob.ar\/web\/rosario-filma\/#primaryimage\",\"url\":\"https:\/\/lumiererosario.gob.ar\/web\/wp-content\/uploads\/2024\/06\/logo-NEGRO-03-e1718380084206.png\",\"contentUrl\":\"https:\/\/lumiererosario.gob.ar\/web\/wp-content\/uploads\/2024\/06\/logo-NEGRO-03-e1718380084206.png\",\"width\":3229,\"height\":1281},{\"@type\":\"BreadcrumbList\",\"@id\":\"https:\/\/lumiererosario.gob.ar\/web\/rosario-filma\/#breadcrumb\",\"itemListElement\":[{\"@type\":\"ListItem\",\"position\":1,\"name\":\"Portada\",\"item\":\"https:\/\/lumiererosario.gob.ar\/web\/\"},{\"@type\":\"ListItem\",\"position\":2,\"name\":\"ROSARIO FILMA\"}]},{\"@type\":\"WebSite\",\"@id\":\"https:\/\/lumiererosario.gob.ar\/web\/#website\",\"url\":\"https:\/\/lumiererosario.gob.ar\/web\/\",\"name\":\"Centro Cultural Cine Lumi\u00e8re\",\"description\":\"Cine Lumi\u00e8re es el cine p\u00fablico de Municipalidad de Rosario\",\"publisher\":{\"@id\":\"https:\/\/lumiererosario.gob.ar\/web\/#organization\"},\"potentialAction\":[{\"@type\":\"SearchAction\",\"target\":{\"@type\":\"EntryPoint\",\"urlTemplate\":\"https:\/\/lumiererosario.gob.ar\/web\/?s={search_term_string}\"},\"query-input\":{\"@type\":\"PropertyValueSpecification\",\"valueRequired\":true,\"valueName\":\"search_term_string\"}}],\"inLanguage\":\"es\"},{\"@type\":\"Organization\",\"@id\":\"https:\/\/lumiererosario.gob.ar\/web\/#organization\",\"name\":\"Centro Cultural Cine Lumi\u00e8re\",\"url\":\"https:\/\/lumiererosario.gob.ar\/web\/\",\"logo\":{\"@type\":\"ImageObject\",\"inLanguage\":\"es\",\"@id\":\"https:\/\/lumiererosario.gob.ar\/web\/#\/schema\/logo\/image\/\",\"url\":\"https:\/\/lumiererosario.gob.ar\/web\/wp-content\/uploads\/2019\/10\/logo-lumiere.png\",\"contentUrl\":\"https:\/\/lumiererosario.gob.ar\/web\/wp-content\/uploads\/2019\/10\/logo-lumiere.png\",\"width\":350,\"height\":175,\"caption\":\"Centro Cultural Cine Lumi\u00e8re\"},\"image\":{\"@id\":\"https:\/\/lumiererosario.gob.ar\/web\/#\/schema\/logo\/image\/\"},\"sameAs\":[\"https:\/\/es-la.facebook.com\/CentroCulturalCineLumiere\/\",\"https:\/\/www.instagram.com\/cccinelumiere\/\",\"https:\/\/www.youtube.com\/channel\/UCuhG8G0hl5YdZz-j9xf2muQ\/videos\"]}]}<\/script>\n<!-- \/ Yoast SEO plugin. -->","yoast_head_json":{"title":"ROSARIO FILMA - Centro Cultural Cine Lumi\u00e8re","robots":{"index":"index","follow":"follow","max-snippet":"max-snippet:-1","max-image-preview":"max-image-preview:large","max-video-preview":"max-video-preview:-1"},"canonical":"https:\/\/lumiererosario.gob.ar\/web\/rosario-filma\/","og_locale":"es_ES","og_type":"article","og_title":"ROSARIO FILMA - Centro Cultural Cine Lumi\u00e8re","og_description":"Rosario Filma es un programa de fortalecimiento dedicado a la industria audiovisual local, creado a trav\u00e9s de la Secretar\u00eda de Cultura y Educaci\u00f3n de la Municipalidad de Rosario en febrero de 2022. El programa brinda acompa\u00f1amiento e informaci\u00f3n espec\u00edfica destinada a la industria audiovisual local y proporciona una estructura unificada para la gesti\u00f3n de los [&hellip;]","og_url":"https:\/\/lumiererosario.gob.ar\/web\/rosario-filma\/","og_site_name":"Centro Cultural Cine Lumi\u00e8re","article_publisher":"https:\/\/es-la.facebook.com\/CentroCulturalCineLumiere\/","article_modified_time":"2025-04-24T11:58:39+00:00","og_image":[{"width":3229,"height":1281,"url":"https:\/\/lumiererosario.gob.ar\/web\/wp-content\/uploads\/2024\/06\/logo-NEGRO-03-e1718380084206.png","type":"image\/png"}],"twitter_misc":{"Tiempo de lectura":"2 minutos"},"schema":{"@context":"https:\/\/schema.org","@graph":[{"@type":"WebPage","@id":"https:\/\/lumiererosario.gob.ar\/web\/rosario-filma\/","url":"https:\/\/lumiererosario.gob.ar\/web\/rosario-filma\/","name":"ROSARIO FILMA - Centro Cultural Cine Lumi\u00e8re","isPartOf":{"@id":"https:\/\/lumiererosario.gob.ar\/web\/#website"},"primaryImageOfPage":{"@id":"https:\/\/lumiererosario.gob.ar\/web\/rosario-filma\/#primaryimage"},"image":{"@id":"https:\/\/lumiererosario.gob.ar\/web\/rosario-filma\/#primaryimage"},"thumbnailUrl":"https:\/\/lumiererosario.gob.ar\/web\/wp-content\/uploads\/2024\/06\/logo-NEGRO-03-e1718380084206-300x119.png","datePublished":"2024-06-14T14:04:45+00:00","dateModified":"2025-04-24T11:58:39+00:00","breadcrumb":{"@id":"https:\/\/lumiererosario.gob.ar\/web\/rosario-filma\/#breadcrumb"},"inLanguage":"es","potentialAction":[{"@type":"ReadAction","target":["https:\/\/lumiererosario.gob.ar\/web\/rosario-filma\/"]}]},{"@type":"ImageObject","inLanguage":"es","@id":"https:\/\/lumiererosario.gob.ar\/web\/rosario-filma\/#primaryimage","url":"https:\/\/lumiererosario.gob.ar\/web\/wp-content\/uploads\/2024\/06\/logo-NEGRO-03-e1718380084206.png","contentUrl":"https:\/\/lumiererosario.gob.ar\/web\/wp-content\/uploads\/2024\/06\/logo-NEGRO-03-e1718380084206.png","width":3229,"height":1281},{"@type":"BreadcrumbList","@id":"https:\/\/lumiererosario.gob.ar\/web\/rosario-filma\/#breadcrumb","itemListElement":[{"@type":"ListItem","position":1,"name":"Portada","item":"https:\/\/lumiererosario.gob.ar\/web\/"},{"@type":"ListItem","position":2,"name":"ROSARIO FILMA"}]},{"@type":"WebSite","@id":"https:\/\/lumiererosario.gob.ar\/web\/#website","url":"https:\/\/lumiererosario.gob.ar\/web\/","name":"Centro Cultural Cine Lumi\u00e8re","description":"Cine Lumi\u00e8re es el cine p\u00fablico de Municipalidad de Rosario","publisher":{"@id":"https:\/\/lumiererosario.gob.ar\/web\/#organization"},"potentialAction":[{"@type":"SearchAction","target":{"@type":"EntryPoint","urlTemplate":"https:\/\/lumiererosario.gob.ar\/web\/?s={search_term_string}"},"query-input":{"@type":"PropertyValueSpecification","valueRequired":true,"valueName":"search_term_string"}}],"inLanguage":"es"},{"@type":"Organization","@id":"https:\/\/lumiererosario.gob.ar\/web\/#organization","name":"Centro Cultural Cine Lumi\u00e8re","url":"https:\/\/lumiererosario.gob.ar\/web\/","logo":{"@type":"ImageObject","inLanguage":"es","@id":"https:\/\/lumiererosario.gob.ar\/web\/#\/schema\/logo\/image\/","url":"https:\/\/lumiererosario.gob.ar\/web\/wp-content\/uploads\/2019\/10\/logo-lumiere.png","contentUrl":"https:\/\/lumiererosario.gob.ar\/web\/wp-content\/uploads\/2019\/10\/logo-lumiere.png","width":350,"height":175,"caption":"Centro Cultural Cine Lumi\u00e8re"},"image":{"@id":"https:\/\/lumiererosario.gob.ar\/web\/#\/schema\/logo\/image\/"},"sameAs":["https:\/\/es-la.facebook.com\/CentroCulturalCineLumiere\/","https:\/\/www.instagram.com\/cccinelumiere\/","https:\/\/www.youtube.com\/channel\/UCuhG8G0hl5YdZz-j9xf2muQ\/videos"]}]}},"_links":{"self":[{"href":"https:\/\/lumiererosario.gob.ar\/web\/wp-json\/wp\/v2\/pages\/10098"}],"collection":[{"href":"https:\/\/lumiererosario.gob.ar\/web\/wp-json\/wp\/v2\/pages"}],"about":[{"href":"https:\/\/lumiererosario.gob.ar\/web\/wp-json\/wp\/v2\/types\/page"}],"author":[{"embeddable":true,"href":"https:\/\/lumiererosario.gob.ar\/web\/wp-json\/wp\/v2\/users\/4"}],"replies":[{"embeddable":true,"href":"https:\/\/lumiererosario.gob.ar\/web\/wp-json\/wp\/v2\/comments?post=10098"}],"version-history":[{"count":22,"href":"https:\/\/lumiererosario.gob.ar\/web\/wp-json\/wp\/v2\/pages\/10098\/revisions"}],"predecessor-version":[{"id":11684,"href":"https:\/\/lumiererosario.gob.ar\/web\/wp-json\/wp\/v2\/pages\/10098\/revisions\/11684"}],"wp:attachment":[{"href":"https:\/\/lumiererosario.gob.ar\/web\/wp-json\/wp\/v2\/media?parent=10098"}],"curies":[{"name":"wp","href":"https:\/\/api.w.org\/{rel}","templated":true}]}}