{"id":10096,"date":"2024-06-14T10:44:42","date_gmt":"2024-06-14T13:44:42","guid":{"rendered":"https:\/\/lumiererosario.gob.ar\/web\/?page_id=10096"},"modified":"2024-10-14T08:28:01","modified_gmt":"2024-10-14T11:28:01","slug":"cinemateca","status":"publish","type":"page","link":"https:\/\/lumiererosario.gob.ar\/web\/cinemateca\/","title":{"rendered":"CINEMATECA"},"content":{"rendered":"\t\t<div data-elementor-type=\"wp-page\" data-elementor-id=\"10096\" class=\"elementor elementor-10096\">\n\t\t\t\t\t\t<section class=\"elementor-section elementor-top-section elementor-element elementor-element-14ab0c19 elementor-section-stretched elementor-section-boxed elementor-section-height-default elementor-section-height-default\" data-id=\"14ab0c19\" data-element_type=\"section\" data-e-type=\"section\" data-settings=\"{&quot;stretch_section&quot;:&quot;section-stretched&quot;}\">\n\t\t\t\t\t\t<div class=\"elementor-container elementor-column-gap-default\">\n\t\t\t\t\t<div class=\"elementor-column elementor-col-100 elementor-top-column elementor-element elementor-element-508bb23f\" data-id=\"508bb23f\" data-element_type=\"column\" data-e-type=\"column\">\n\t\t\t<div class=\"elementor-widget-wrap elementor-element-populated\">\n\t\t\t\t\t\t<div class=\"elementor-element elementor-element-430c5bde elementor-widget__width-initial elementor-widget elementor-widget-text-editor\" data-id=\"430c5bde\" data-element_type=\"widget\" data-e-type=\"widget\" data-widget_type=\"text-editor.default\">\n\t\t\t\t<div class=\"elementor-widget-container\">\n\t\t\t\t\t\t\t\t\t<p><\/p>\n<p><span style=\"color: #333333;\">Un archivo \u00fanico con m\u00e1s de <a style=\"color: #333333;\" href=\"https:\/\/lumiererosario.gob.ar\/web\/wp-content\/uploads\/2024\/06\/IMG_20240406_181946877-scaled.jpg\"><img fetchpriority=\"high\" decoding=\"async\" class=\"wp-image-10119 alignright\" src=\"https:\/\/lumiererosario.gob.ar\/web\/wp-content\/uploads\/2024\/06\/IMG_20240406_181946877-300x169.jpg\" alt=\"\" width=\"335\" height=\"188\" srcset=\"https:\/\/lumiererosario.gob.ar\/web\/wp-content\/uploads\/2024\/06\/IMG_20240406_181946877-300x169.jpg 300w, https:\/\/lumiererosario.gob.ar\/web\/wp-content\/uploads\/2024\/06\/IMG_20240406_181946877-1024x576.jpg 1024w, https:\/\/lumiererosario.gob.ar\/web\/wp-content\/uploads\/2024\/06\/IMG_20240406_181946877-768x432.jpg 768w, https:\/\/lumiererosario.gob.ar\/web\/wp-content\/uploads\/2024\/06\/IMG_20240406_181946877-1536x864.jpg 1536w, https:\/\/lumiererosario.gob.ar\/web\/wp-content\/uploads\/2024\/06\/IMG_20240406_181946877-2048x1152.jpg 2048w, https:\/\/lumiererosario.gob.ar\/web\/wp-content\/uploads\/2024\/06\/IMG_20240406_181946877-370x208.jpg 370w\" sizes=\"(max-width: 335px) 100vw, 335px\" \/><\/a>15.000 documentos en distintos soportes que lleva adelante una pol\u00edtica de gesti\u00f3n destinada a la preservaci\u00f3n, accesibilidad y difusi\u00f3n del patrimonio.<\/span><br><span style=\"color: #333333;\">Ubicada en la planta alta de Cine Lumi\u00e8re (V\u00e9lez Sarsfield 1027) la cinemateca es un archivo de acceso p\u00fablico.<\/span><\/p>\n<p><strong>Contacto: cinemateca@rosario.gov.ar<\/strong><\/p>\n<p><\/p>\t\t\t\t\t\t\t\t<\/div>\n\t\t\t\t<\/div>\n\t\t\t\t\t<\/div>\n\t\t<\/div>\n\t\t\t\t\t<\/div>\n\t\t<\/section>\n\t\t\t\t<\/div>\n\t\t","protected":false},"excerpt":{"rendered":"<p>Un archivo \u00fanico con m\u00e1s de 15.000 documentos en distintos soportes que lleva adelante una pol\u00edtica de gesti\u00f3n destinada a la preservaci\u00f3n, accesibilidad y difusi\u00f3n del patrimonio.Ubicada en la planta alta de Cine Lumi\u00e8re (V\u00e9lez Sarsfield 1027) la cinemateca es un archivo de acceso p\u00fablico. Contacto: cinemateca@rosario.gov.ar<\/p>\n","protected":false},"author":4,"featured_media":0,"parent":0,"menu_order":0,"comment_status":"closed","ping_status":"closed","template":"","meta":{"_exactmetrics_skip_tracking":false,"_exactmetrics_sitenote_active":false,"_exactmetrics_sitenote_note":"","_exactmetrics_sitenote_category":0,"footnotes":""},"class_list":["post-10096","page","type-page","status-publish","hentry"],"yoast_head":"<!-- This site is optimized with the Yoast SEO plugin v25.6 - https:\/\/yoast.com\/wordpress\/plugins\/seo\/ -->\n<title>CINEMATECA - Centro Cultural Cine Lumi\u00e8re<\/title>\n<meta name=\"robots\" content=\"index, follow, max-snippet:-1, max-image-preview:large, max-video-preview:-1\" \/>\n<link rel=\"canonical\" href=\"https:\/\/lumiererosario.gob.ar\/web\/cinemateca\/\" \/>\n<meta property=\"og:locale\" content=\"es_ES\" \/>\n<meta property=\"og:type\" content=\"article\" \/>\n<meta property=\"og:title\" content=\"CINEMATECA - Centro Cultural Cine Lumi\u00e8re\" \/>\n<meta property=\"og:description\" content=\"Un archivo \u00fanico con m\u00e1s de 15.000 documentos en distintos soportes que lleva adelante una pol\u00edtica de gesti\u00f3n destinada a la preservaci\u00f3n, accesibilidad y difusi\u00f3n del patrimonio.Ubicada en la planta alta de Cine Lumi\u00e8re (V\u00e9lez Sarsfield 1027) la cinemateca es un archivo de acceso p\u00fablico. Contacto: cinemateca@rosario.gov.ar\" \/>\n<meta property=\"og:url\" content=\"https:\/\/lumiererosario.gob.ar\/web\/cinemateca\/\" \/>\n<meta property=\"og:site_name\" content=\"Centro Cultural Cine Lumi\u00e8re\" \/>\n<meta property=\"article:publisher\" content=\"https:\/\/es-la.facebook.com\/CentroCulturalCineLumiere\/\" \/>\n<meta property=\"article:modified_time\" content=\"2024-10-14T11:28:01+00:00\" \/>\n<meta property=\"og:image\" content=\"https:\/\/lumiererosario.gob.ar\/web\/wp-content\/uploads\/2024\/06\/IMG_20240406_181946877-300x169.jpg\" \/>\n<meta name=\"twitter:label1\" content=\"Tiempo de lectura\" \/>\n\t<meta name=\"twitter:data1\" content=\"1 minuto\" \/>\n<script type=\"application\/ld+json\" class=\"yoast-schema-graph\">{\"@context\":\"https:\/\/schema.org\",\"@graph\":[{\"@type\":\"WebPage\",\"@id\":\"https:\/\/lumiererosario.gob.ar\/web\/cinemateca\/\",\"url\":\"https:\/\/lumiererosario.gob.ar\/web\/cinemateca\/\",\"name\":\"CINEMATECA - Centro Cultural Cine Lumi\u00e8re\",\"isPartOf\":{\"@id\":\"https:\/\/lumiererosario.gob.ar\/web\/#website\"},\"primaryImageOfPage\":{\"@id\":\"https:\/\/lumiererosario.gob.ar\/web\/cinemateca\/#primaryimage\"},\"image\":{\"@id\":\"https:\/\/lumiererosario.gob.ar\/web\/cinemateca\/#primaryimage\"},\"thumbnailUrl\":\"https:\/\/lumiererosario.gob.ar\/web\/wp-content\/uploads\/2024\/06\/IMG_20240406_181946877-300x169.jpg\",\"datePublished\":\"2024-06-14T13:44:42+00:00\",\"dateModified\":\"2024-10-14T11:28:01+00:00\",\"breadcrumb\":{\"@id\":\"https:\/\/lumiererosario.gob.ar\/web\/cinemateca\/#breadcrumb\"},\"inLanguage\":\"es\",\"potentialAction\":[{\"@type\":\"ReadAction\",\"target\":[\"https:\/\/lumiererosario.gob.ar\/web\/cinemateca\/\"]}]},{\"@type\":\"ImageObject\",\"inLanguage\":\"es\",\"@id\":\"https:\/\/lumiererosario.gob.ar\/web\/cinemateca\/#primaryimage\",\"url\":\"https:\/\/lumiererosario.gob.ar\/web\/wp-content\/uploads\/2024\/06\/IMG_20240406_181946877-scaled.jpg\",\"contentUrl\":\"https:\/\/lumiererosario.gob.ar\/web\/wp-content\/uploads\/2024\/06\/IMG_20240406_181946877-scaled.jpg\",\"width\":2560,\"height\":1440},{\"@type\":\"BreadcrumbList\",\"@id\":\"https:\/\/lumiererosario.gob.ar\/web\/cinemateca\/#breadcrumb\",\"itemListElement\":[{\"@type\":\"ListItem\",\"position\":1,\"name\":\"Portada\",\"item\":\"https:\/\/lumiererosario.gob.ar\/web\/\"},{\"@type\":\"ListItem\",\"position\":2,\"name\":\"CINEMATECA\"}]},{\"@type\":\"WebSite\",\"@id\":\"https:\/\/lumiererosario.gob.ar\/web\/#website\",\"url\":\"https:\/\/lumiererosario.gob.ar\/web\/\",\"name\":\"Centro Cultural Cine Lumi\u00e8re\",\"description\":\"Cine Lumi\u00e8re es el cine p\u00fablico de Municipalidad de Rosario\",\"publisher\":{\"@id\":\"https:\/\/lumiererosario.gob.ar\/web\/#organization\"},\"potentialAction\":[{\"@type\":\"SearchAction\",\"target\":{\"@type\":\"EntryPoint\",\"urlTemplate\":\"https:\/\/lumiererosario.gob.ar\/web\/?s={search_term_string}\"},\"query-input\":{\"@type\":\"PropertyValueSpecification\",\"valueRequired\":true,\"valueName\":\"search_term_string\"}}],\"inLanguage\":\"es\"},{\"@type\":\"Organization\",\"@id\":\"https:\/\/lumiererosario.gob.ar\/web\/#organization\",\"name\":\"Centro Cultural Cine Lumi\u00e8re\",\"url\":\"https:\/\/lumiererosario.gob.ar\/web\/\",\"logo\":{\"@type\":\"ImageObject\",\"inLanguage\":\"es\",\"@id\":\"https:\/\/lumiererosario.gob.ar\/web\/#\/schema\/logo\/image\/\",\"url\":\"https:\/\/lumiererosario.gob.ar\/web\/wp-content\/uploads\/2019\/10\/logo-lumiere.png\",\"contentUrl\":\"https:\/\/lumiererosario.gob.ar\/web\/wp-content\/uploads\/2019\/10\/logo-lumiere.png\",\"width\":350,\"height\":175,\"caption\":\"Centro Cultural Cine Lumi\u00e8re\"},\"image\":{\"@id\":\"https:\/\/lumiererosario.gob.ar\/web\/#\/schema\/logo\/image\/\"},\"sameAs\":[\"https:\/\/es-la.facebook.com\/CentroCulturalCineLumiere\/\",\"https:\/\/www.instagram.com\/cccinelumiere\/\",\"https:\/\/www.youtube.com\/channel\/UCuhG8G0hl5YdZz-j9xf2muQ\/videos\"]}]}<\/script>\n<!-- \/ Yoast SEO plugin. -->","yoast_head_json":{"title":"CINEMATECA - Centro Cultural Cine Lumi\u00e8re","robots":{"index":"index","follow":"follow","max-snippet":"max-snippet:-1","max-image-preview":"max-image-preview:large","max-video-preview":"max-video-preview:-1"},"canonical":"https:\/\/lumiererosario.gob.ar\/web\/cinemateca\/","og_locale":"es_ES","og_type":"article","og_title":"CINEMATECA - Centro Cultural Cine Lumi\u00e8re","og_description":"Un archivo \u00fanico con m\u00e1s de 15.000 documentos en distintos soportes que lleva adelante una pol\u00edtica de gesti\u00f3n destinada a la preservaci\u00f3n, accesibilidad y difusi\u00f3n del patrimonio.Ubicada en la planta alta de Cine Lumi\u00e8re (V\u00e9lez Sarsfield 1027) la cinemateca es un archivo de acceso p\u00fablico. Contacto: cinemateca@rosario.gov.ar","og_url":"https:\/\/lumiererosario.gob.ar\/web\/cinemateca\/","og_site_name":"Centro Cultural Cine Lumi\u00e8re","article_publisher":"https:\/\/es-la.facebook.com\/CentroCulturalCineLumiere\/","article_modified_time":"2024-10-14T11:28:01+00:00","og_image":[{"url":"https:\/\/lumiererosario.gob.ar\/web\/wp-content\/uploads\/2024\/06\/IMG_20240406_181946877-300x169.jpg","type":"","width":"","height":""}],"twitter_misc":{"Tiempo de lectura":"1 minuto"},"schema":{"@context":"https:\/\/schema.org","@graph":[{"@type":"WebPage","@id":"https:\/\/lumiererosario.gob.ar\/web\/cinemateca\/","url":"https:\/\/lumiererosario.gob.ar\/web\/cinemateca\/","name":"CINEMATECA - Centro Cultural Cine Lumi\u00e8re","isPartOf":{"@id":"https:\/\/lumiererosario.gob.ar\/web\/#website"},"primaryImageOfPage":{"@id":"https:\/\/lumiererosario.gob.ar\/web\/cinemateca\/#primaryimage"},"image":{"@id":"https:\/\/lumiererosario.gob.ar\/web\/cinemateca\/#primaryimage"},"thumbnailUrl":"https:\/\/lumiererosario.gob.ar\/web\/wp-content\/uploads\/2024\/06\/IMG_20240406_181946877-300x169.jpg","datePublished":"2024-06-14T13:44:42+00:00","dateModified":"2024-10-14T11:28:01+00:00","breadcrumb":{"@id":"https:\/\/lumiererosario.gob.ar\/web\/cinemateca\/#breadcrumb"},"inLanguage":"es","potentialAction":[{"@type":"ReadAction","target":["https:\/\/lumiererosario.gob.ar\/web\/cinemateca\/"]}]},{"@type":"ImageObject","inLanguage":"es","@id":"https:\/\/lumiererosario.gob.ar\/web\/cinemateca\/#primaryimage","url":"https:\/\/lumiererosario.gob.ar\/web\/wp-content\/uploads\/2024\/06\/IMG_20240406_181946877-scaled.jpg","contentUrl":"https:\/\/lumiererosario.gob.ar\/web\/wp-content\/uploads\/2024\/06\/IMG_20240406_181946877-scaled.jpg","width":2560,"height":1440},{"@type":"BreadcrumbList","@id":"https:\/\/lumiererosario.gob.ar\/web\/cinemateca\/#breadcrumb","itemListElement":[{"@type":"ListItem","position":1,"name":"Portada","item":"https:\/\/lumiererosario.gob.ar\/web\/"},{"@type":"ListItem","position":2,"name":"CINEMATECA"}]},{"@type":"WebSite","@id":"https:\/\/lumiererosario.gob.ar\/web\/#website","url":"https:\/\/lumiererosario.gob.ar\/web\/","name":"Centro Cultural Cine Lumi\u00e8re","description":"Cine Lumi\u00e8re es el cine p\u00fablico de Municipalidad de Rosario","publisher":{"@id":"https:\/\/lumiererosario.gob.ar\/web\/#organization"},"potentialAction":[{"@type":"SearchAction","target":{"@type":"EntryPoint","urlTemplate":"https:\/\/lumiererosario.gob.ar\/web\/?s={search_term_string}"},"query-input":{"@type":"PropertyValueSpecification","valueRequired":true,"valueName":"search_term_string"}}],"inLanguage":"es"},{"@type":"Organization","@id":"https:\/\/lumiererosario.gob.ar\/web\/#organization","name":"Centro Cultural Cine Lumi\u00e8re","url":"https:\/\/lumiererosario.gob.ar\/web\/","logo":{"@type":"ImageObject","inLanguage":"es","@id":"https:\/\/lumiererosario.gob.ar\/web\/#\/schema\/logo\/image\/","url":"https:\/\/lumiererosario.gob.ar\/web\/wp-content\/uploads\/2019\/10\/logo-lumiere.png","contentUrl":"https:\/\/lumiererosario.gob.ar\/web\/wp-content\/uploads\/2019\/10\/logo-lumiere.png","width":350,"height":175,"caption":"Centro Cultural Cine Lumi\u00e8re"},"image":{"@id":"https:\/\/lumiererosario.gob.ar\/web\/#\/schema\/logo\/image\/"},"sameAs":["https:\/\/es-la.facebook.com\/CentroCulturalCineLumiere\/","https:\/\/www.instagram.com\/cccinelumiere\/","https:\/\/www.youtube.com\/channel\/UCuhG8G0hl5YdZz-j9xf2muQ\/videos"]}]}},"_links":{"self":[{"href":"https:\/\/lumiererosario.gob.ar\/web\/wp-json\/wp\/v2\/pages\/10096"}],"collection":[{"href":"https:\/\/lumiererosario.gob.ar\/web\/wp-json\/wp\/v2\/pages"}],"about":[{"href":"https:\/\/lumiererosario.gob.ar\/web\/wp-json\/wp\/v2\/types\/page"}],"author":[{"embeddable":true,"href":"https:\/\/lumiererosario.gob.ar\/web\/wp-json\/wp\/v2\/users\/4"}],"replies":[{"embeddable":true,"href":"https:\/\/lumiererosario.gob.ar\/web\/wp-json\/wp\/v2\/comments?post=10096"}],"version-history":[{"count":22,"href":"https:\/\/lumiererosario.gob.ar\/web\/wp-json\/wp\/v2\/pages\/10096\/revisions"}],"predecessor-version":[{"id":10801,"href":"https:\/\/lumiererosario.gob.ar\/web\/wp-json\/wp\/v2\/pages\/10096\/revisions\/10801"}],"wp:attachment":[{"href":"https:\/\/lumiererosario.gob.ar\/web\/wp-json\/wp\/v2\/media?parent=10096"}],"curies":[{"name":"wp","href":"https:\/\/api.w.org\/{rel}","templated":true}]}}